{"id":255,"date":"2025-08-29T13:51:48","date_gmt":"2025-08-29T13:51:48","guid":{"rendered":"https:\/\/dev.gordis-genusswelt.com\/index.php\/home\/"},"modified":"2026-03-16T17:58:59","modified_gmt":"2026-03-16T17:58:59","slug":"home","status":"publish","type":"page","link":"https:\/\/gordis-genusswelt.com\/en\/","title":{"rendered":"Home"},"content":{"rendered":"<div data-elementor-type=\"wp-page\" data-elementor-id=\"255\" class=\"elementor elementor-255\">\n\t\t\t\t<div class=\"elementor-element elementor-element-a298723 e-flex e-con-boxed e-con e-parent\" data-id=\"a298723\" data-element_type=\"container\" data-e-type=\"container\" data-settings=\"{&quot;background_background&quot;:&quot;classic&quot;}\">\n\t\t\t\t\t<div class=\"e-con-inner\">\n\t\t\t\t<div class=\"elementor-element elementor-element-8069ec3 elementor-widget elementor-widget-heading\" data-id=\"8069ec3\" data-element_type=\"widget\" data-e-type=\"widget\" data-widget_type=\"heading.default\">\n\t\t\t\t\t<h1 class=\"elementor-heading-title elementor-size-default\">Welcome to  <br>Gordi's Genusswelt! <\/h1>\t\t\t\t<\/div>\n\t\t\t\t\t<\/div>\n\t\t\t\t<\/div>\n\t\t<div class=\"elementor-element elementor-element-d5c83fb e-flex e-con-boxed e-con e-parent\" data-id=\"d5c83fb\" data-element_type=\"container\" data-e-type=\"container\">\n\t\t\t\t\t<div class=\"e-con-inner\">\n\t\t<div class=\"elementor-element elementor-element-e99a333 e-con-full e-flex e-con e-child\" data-id=\"e99a333\" data-element_type=\"container\" data-e-type=\"container\">\n\t\t\t\t<div class=\"elementor-element elementor-element-032c615 elementor-widget elementor-widget-image\" data-id=\"032c615\" data-element_type=\"widget\" data-e-type=\"widget\" data-widget_type=\"image.default\">\n\t\t\t\t\t\t\t\t\t\t\t\t\t\t\t<img fetchpriority=\"high\" decoding=\"async\" width=\"338\" height=\"486\" src=\"https:\/\/gordis-genusswelt.com\/wp-content\/uploads\/2025\/10\/Bild-1.jpg\" class=\"attachment-large size-large wp-image-901\" alt=\"\" srcset=\"https:\/\/gordis-genusswelt.com\/wp-content\/uploads\/2025\/10\/Bild-1.jpg 338w, https:\/\/gordis-genusswelt.com\/wp-content\/uploads\/2025\/10\/Bild-1-209x300.jpg 209w, https:\/\/gordis-genusswelt.com\/wp-content\/uploads\/2025\/10\/Bild-1-8x12.jpg 8w\" sizes=\"(max-width: 338px) 100vw, 338px\" \/>\t\t\t\t\t\t\t\t\t\t\t\t\t\t\t<\/div>\n\t\t\t\t<\/div>\n\t\t<div class=\"elementor-element elementor-element-bc640bf e-con-full e-flex e-con e-child\" data-id=\"bc640bf\" data-element_type=\"container\" data-e-type=\"container\">\n\t\t\t\t<div class=\"elementor-element elementor-element-e3c237d elementor-widget elementor-widget-spacer\" data-id=\"e3c237d\" data-element_type=\"widget\" data-e-type=\"widget\" data-widget_type=\"spacer.default\">\n\t\t\t\t\t\t\t<div class=\"elementor-spacer\">\n\t\t\t<div class=\"elementor-spacer-inner\"><\/div>\n\t\t<\/div>\n\t\t\t\t\t\t<\/div>\n\t\t\t\t<div class=\"elementor-element elementor-element-4c89b1e elementor-widget__width-initial elementor-vertical-align-top elementor-widget elementor-widget-image-box\" data-id=\"4c89b1e\" data-element_type=\"widget\" data-e-type=\"widget\" data-widget_type=\"image-box.default\">\n\t\t\t\t\t<div class=\"elementor-image-box-wrapper\"><div class=\"elementor-image-box-content\"><h3 class=\"elementor-image-box-title\">Discover our partnerships and exceptional products at one of our exclusive tastings. <\/h3><p class=\"elementor-image-box-description\"> You can find our upcoming tasting dates under the \u201cEvents\u201d section.\nWe are also happy to visit you at home and host a private wine tasting together with your family, friends, and guests. Feel free to contact us for more details.\n<\/p><\/div><\/div>\t\t\t\t<\/div>\n\t\t\t\t<\/div>\n\t\t\t\t\t<\/div>\n\t\t\t\t<\/div>\n\t\t<div class=\"elementor-element elementor-element-ae71abc e-flex e-con-boxed e-con e-parent\" data-id=\"ae71abc\" data-element_type=\"container\" data-e-type=\"container\" data-settings=\"{&quot;background_background&quot;:&quot;classic&quot;}\">\n\t\t\t\t\t<div class=\"e-con-inner\">\n\t\t<div class=\"elementor-element elementor-element-099cc1c e-con-full e-flex e-con e-child\" data-id=\"099cc1c\" data-element_type=\"container\" data-e-type=\"container\">\n\t\t\t\t<div class=\"elementor-element elementor-element-f0a125e elementor-widget elementor-widget-spacer\" data-id=\"f0a125e\" data-element_type=\"widget\" data-e-type=\"widget\" data-widget_type=\"spacer.default\">\n\t\t\t\t\t\t\t<div class=\"elementor-spacer\">\n\t\t\t<div class=\"elementor-spacer-inner\"><\/div>\n\t\t<\/div>\n\t\t\t\t\t\t<\/div>\n\t\t\t\t<div class=\"elementor-element elementor-element-84a614b elementor-widget__width-initial elementor-widget elementor-widget-image-box\" data-id=\"84a614b\" data-element_type=\"widget\" data-e-type=\"widget\" data-widget_type=\"image-box.default\">\n\t\t\t\t\t<div class=\"elementor-image-box-wrapper\"><div class=\"elementor-image-box-content\"><h3 class=\"elementor-image-box-title\">Are you a business owner who would like to surprise your valued clients with a thoughtful wine gift?<\/h3><p class=\"elementor-image-box-description\">No problem! We\u2019ll help you choose the right wine from our wide range and design personalized labels to make your corporate or private gifts truly special.\nPerfect for companies, clubs, or larger private occasions.<\/p><\/div><\/div>\t\t\t\t<\/div>\n\t\t<div class=\"elementor-element elementor-element-1749bca e-con-full e-flex e-con e-child\" data-id=\"1749bca\" data-element_type=\"container\" data-e-type=\"container\">\n\t\t<div class=\"elementor-element elementor-element-eb16475 e-con-full e-flex e-con e-child\" data-id=\"eb16475\" data-element_type=\"container\" data-e-type=\"container\">\n\t\t<div class=\"elementor-element elementor-element-cb4a25d e-con-full e-flex e-con e-child\" data-id=\"cb4a25d\" data-element_type=\"container\" data-e-type=\"container\">\n\t\t<div class=\"elementor-element elementor-element-7c6a806 e-con-full e-flex e-con e-child\" data-id=\"7c6a806\" data-element_type=\"container\" data-e-type=\"container\">\n\t\t\t\t<div class=\"elementor-element elementor-element-c33860b elementor-widget elementor-widget-spacer\" data-id=\"c33860b\" data-element_type=\"widget\" data-e-type=\"widget\" data-widget_type=\"spacer.default\">\n\t\t\t\t\t\t\t<div class=\"elementor-spacer\">\n\t\t\t<div class=\"elementor-spacer-inner\"><\/div>\n\t\t<\/div>\n\t\t\t\t\t\t<\/div>\n\t\t\t\t<div class=\"elementor-element elementor-element-844c837 elementor-position-top elementor-widget elementor-widget-image-box\" data-id=\"844c837\" data-element_type=\"widget\" data-e-type=\"widget\" data-widget_type=\"image-box.default\">\n\t\t\t\t\t<div class=\"elementor-image-box-wrapper\"><figure class=\"elementor-image-box-img\"><img decoding=\"async\" width=\"1024\" height=\"1024\" src=\"https:\/\/gordis-genusswelt.com\/wp-content\/uploads\/2025\/10\/Bild-3.png\" class=\"attachment-full size-full wp-image-925\" alt=\"\" srcset=\"https:\/\/gordis-genusswelt.com\/wp-content\/uploads\/2025\/10\/Bild-3.png 1024w, https:\/\/gordis-genusswelt.com\/wp-content\/uploads\/2025\/10\/Bild-3-300x300.png 300w, https:\/\/gordis-genusswelt.com\/wp-content\/uploads\/2025\/10\/Bild-3-150x150.png 150w, https:\/\/gordis-genusswelt.com\/wp-content\/uploads\/2025\/10\/Bild-3-768x768.png 768w, https:\/\/gordis-genusswelt.com\/wp-content\/uploads\/2025\/10\/Bild-3-12x12.png 12w\" sizes=\"(max-width: 1024px) 100vw, 1024px\" \/><\/figure><\/div>\t\t\t\t<\/div>\n\t\t<div class=\"elementor-element elementor-element-804bc5d e-con-full e-flex e-con e-child\" data-id=\"804bc5d\" data-element_type=\"container\" data-e-type=\"container\">\n\t\t\t\t<div class=\"elementor-element elementor-element-695d134 elementor-widget elementor-widget-html\" data-id=\"695d134\" data-element_type=\"widget\" data-e-type=\"widget\" data-widget_type=\"html.default\">\n\t\t\t\t\t<audio src=\"https:\/\/gordis-genusswelt.com\/wp-content\/uploads\/2025\/11\/Fein-Fein-Schmeckt-Uns-Der-Wein.mp3\" autoplay=\"autoplay\">\t\t\t\t<\/div>\n\t\t\t\t<\/div>\n\t\t\t\t<\/div>\n\t\t\t\t<div class=\"elementor-element elementor-element-cac29bf elementor-button-warning elementor-align-center elementor-widget__width-auto elementor-widget elementor-widget-button\" data-id=\"cac29bf\" data-element_type=\"widget\" data-e-type=\"widget\" data-widget_type=\"button.default\">\n\t\t\t\t\t\t\t\t\t\t<a class=\"elementor-button elementor-button-link elementor-size-sm\" href=\"https:\/\/gordis-genusswelt.com\/en\/contact\/\">\n\t\t\t\t\t\t<span class=\"elementor-button-content-wrapper\">\n\t\t\t\t\t\t\t\t\t<span class=\"elementor-button-text\">KONTAKTIEREN SIE MICH<\/span>\n\t\t\t\t\t<\/span>\n\t\t\t\t\t<\/a>\n\t\t\t\t\t\t\t\t<\/div>\n\t\t\t\t<\/div>\n\t\t\t\t<\/div>\n\t\t\t\t<\/div>\n\t\t\t\t<\/div>\n\t\t<div class=\"elementor-element elementor-element-91bd717 e-con-full e-flex e-con e-child\" data-id=\"91bd717\" data-element_type=\"container\" data-e-type=\"container\">\n\t\t\t\t<div class=\"elementor-element elementor-element-a79c7eb elementor-position-top elementor-widget elementor-widget-image-box\" data-id=\"a79c7eb\" data-element_type=\"widget\" data-e-type=\"widget\" data-widget_type=\"image-box.default\">\n\t\t\t\t\t<div class=\"elementor-image-box-wrapper\"><figure class=\"elementor-image-box-img\"><img decoding=\"async\" width=\"1181\" height=\"1181\" src=\"https:\/\/gordis-genusswelt.com\/wp-content\/uploads\/2025\/10\/Bild-2.png\" class=\"attachment-full size-full wp-image-906\" alt=\"\" srcset=\"https:\/\/gordis-genusswelt.com\/wp-content\/uploads\/2025\/10\/Bild-2.png 1181w, https:\/\/gordis-genusswelt.com\/wp-content\/uploads\/2025\/10\/Bild-2-300x300.png 300w, https:\/\/gordis-genusswelt.com\/wp-content\/uploads\/2025\/10\/Bild-2-1024x1024.png 1024w, https:\/\/gordis-genusswelt.com\/wp-content\/uploads\/2025\/10\/Bild-2-150x150.png 150w, https:\/\/gordis-genusswelt.com\/wp-content\/uploads\/2025\/10\/Bild-2-768x768.png 768w, https:\/\/gordis-genusswelt.com\/wp-content\/uploads\/2025\/10\/Bild-2-12x12.png 12w\" sizes=\"(max-width: 1181px) 100vw, 1181px\" \/><\/figure><\/div>\t\t\t\t<\/div>\n\t\t\t\t<div class=\"elementor-element elementor-element-b989618 elementor-widget elementor-widget-spacer\" data-id=\"b989618\" data-element_type=\"widget\" data-e-type=\"widget\" data-widget_type=\"spacer.default\">\n\t\t\t\t\t\t\t<div class=\"elementor-spacer\">\n\t\t\t<div class=\"elementor-spacer-inner\"><\/div>\n\t\t<\/div>\n\t\t\t\t\t\t<\/div>\n\t\t\t\t<div class=\"elementor-element elementor-element-73c7b1e elementor-widget__width-initial elementor-widget elementor-widget-image-box\" data-id=\"73c7b1e\" data-element_type=\"widget\" data-e-type=\"widget\" data-widget_type=\"image-box.default\">\n\t\t\t\t\t<div class=\"elementor-image-box-wrapper\"><div class=\"elementor-image-box-content\"><h3 class=\"elementor-image-box-title\">Are you planning a wedding, a corporate event, or perhaps a milestone birthday? <\/h3><p class=\"elementor-image-box-description\">We are happy to join your event with a small stand and spoil your guests with our exquisite specialties.\nWhether it\u2019s a simple bar setup under a sunshade outdoors or a cozy pavilion with seating, we are always flexible and look forward to your individual inquiry! <\/p><\/div><\/div>\t\t\t\t<\/div>\n\t\t\t\t<\/div>\n\t\t\t\t\t<\/div>\n\t\t\t\t<\/div>\n\t\t\t\t<\/div>","protected":false},"excerpt":{"rendered":"<p>Herzlich Willkommen in Gordi&#8217;s Genusswelt! Lernen Sie unsere Kooperationen und herausragenden Produkte bei einer unserer Verkostungen kennen. Unsere n\u00e4chsten Verkostungstermine k\u00f6nnen Sie unter der Rubrik Termine einsehen. Gern besuchen wir Sie auch zu Hause und f\u00fchren eine Weinprobe zusammen mit Ihrer Familie, Ihren Freunden und Bekannten durch. Sprechen Sie uns sehr gern darauf an. Sie [&hellip;]<\/p>\n","protected":false},"author":1,"featured_media":0,"parent":0,"menu_order":0,"comment_status":"closed","ping_status":"closed","template":"","meta":{"site-sidebar-layout":"no-sidebar","site-content-layout":"page-builder","ast-site-content-layout":"full-width-container","site-content-style":"unboxed","site-sidebar-style":"unboxed","ast-global-header-display":"","ast-banner-title-visibility":"","ast-main-header-display":"","ast-hfb-above-header-display":"","ast-hfb-below-header-display":"","ast-hfb-mobile-header-display":"","site-post-title":"disabled","ast-breadcrumbs-content":"","ast-featured-img":"disabled","footer-sml-layout":"","ast-disable-related-posts":"","theme-transparent-header-meta":"enabled","adv-header-id-meta":"","stick-header-meta":"","header-above-stick-meta":"","header-main-stick-meta":"","header-below-stick-meta":"","astra-migrate-meta-layouts":"set","ast-page-background-enabled":"default","ast-page-background-meta":{"desktop":{"background-color":"","background-image":"","background-repeat":"repeat","background-position":"center center","background-size":"auto","background-attachment":"scroll","background-type":"","background-media":"","overlay-type":"","overlay-color":"","overlay-opacity":"","overlay-gradient":""},"tablet":{"background-color":"","background-image":"","background-repeat":"repeat","background-position":"center center","background-size":"auto","background-attachment":"scroll","background-type":"","background-media":"","overlay-type":"","overlay-color":"","overlay-opacity":"","overlay-gradient":""},"mobile":{"background-color":"","background-image":"","background-repeat":"repeat","background-position":"center center","background-size":"auto","background-attachment":"scroll","background-type":"","background-media":"","overlay-type":"","overlay-color":"","overlay-opacity":"","overlay-gradient":""}},"ast-content-background-meta":{"desktop":{"background-color":"var(--ast-global-color-5)","background-image":"","background-repeat":"repeat","background-position":"center center","background-size":"auto","background-attachment":"scroll","background-type":"","background-media":"","overlay-type":"","overlay-color":"","overlay-opacity":"","overlay-gradient":""},"tablet":{"background-color":"var(--ast-global-color-5)","background-image":"","background-repeat":"repeat","background-position":"center center","background-size":"auto","background-attachment":"scroll","background-type":"","background-media":"","overlay-type":"","overlay-color":"","overlay-opacity":"","overlay-gradient":""},"mobile":{"background-color":"var(--ast-global-color-5)","background-image":"","background-repeat":"repeat","background-position":"center center","background-size":"auto","background-attachment":"scroll","background-type":"","background-media":"","overlay-type":"","overlay-color":"","overlay-opacity":"","overlay-gradient":""}},"footnotes":""},"class_list":["post-255","page","type-page","status-publish","hentry"],"yoast_head":"<!-- This site is optimized with the Yoast SEO plugin v27.3 - https:\/\/yoast.com\/product\/yoast-seo-wordpress\/ -->\n<title>Gordis Genusswelt \u2013 Weinverkostungen, Weinproben und Events<\/title>\n<meta name=\"description\" content=\"Gordis Genusswelt bietet exklusive Weinverkostungen und besondere Weine f\u00fcr Firmen, Veranstaltungen, Hochzeiten und private Feiern.\" \/>\n<meta name=\"robots\" content=\"index, follow, max-snippet:-1, max-image-preview:large, max-video-preview:-1\" \/>\n<link rel=\"canonical\" href=\"https:\/\/gordis-genusswelt.com\/en\/\" \/>\n<meta property=\"og:locale\" content=\"en_US\" \/>\n<meta property=\"og:type\" content=\"article\" \/>\n<meta property=\"og:title\" content=\"Gordis Genusswelt \u2013 Weinverkostungen, Weinproben und Events\" \/>\n<meta property=\"og:description\" content=\"Gordis Genusswelt bietet exklusive Weinverkostungen und besondere Weine f\u00fcr Firmen, Veranstaltungen, Hochzeiten und private Feiern.\" \/>\n<meta property=\"og:url\" content=\"https:\/\/gordis-genusswelt.com\/en\/\" \/>\n<meta property=\"og:site_name\" content=\"Gordi&#039;s Genusswelt\" \/>\n<meta property=\"article:modified_time\" content=\"2026-03-16T17:58:59+00:00\" \/>\n<meta property=\"og:image\" content=\"https:\/\/gordis-genusswelt.com\/wp-content\/uploads\/2025\/10\/Bild-1.jpg\" \/>\n<meta name=\"twitter:card\" content=\"summary_large_image\" \/>\n<meta name=\"twitter:label1\" content=\"Est. reading time\" \/>\n\t<meta name=\"twitter:data1\" content=\"2 minutes\" \/>\n<script type=\"application\/ld+json\" class=\"yoast-schema-graph\">{\"@context\":\"https:\\\/\\\/schema.org\",\"@graph\":[{\"@type\":\"WebPage\",\"@id\":\"https:\\\/\\\/gordis-genusswelt.com\\\/\",\"url\":\"https:\\\/\\\/gordis-genusswelt.com\\\/\",\"name\":\"Gordis Genusswelt \u2013 Weinverkostungen, Weinproben und Events\",\"isPartOf\":{\"@id\":\"https:\\\/\\\/gordis-genusswelt.com\\\/#website\"},\"primaryImageOfPage\":{\"@id\":\"https:\\\/\\\/gordis-genusswelt.com\\\/#primaryimage\"},\"image\":{\"@id\":\"https:\\\/\\\/gordis-genusswelt.com\\\/#primaryimage\"},\"thumbnailUrl\":\"https:\\\/\\\/gordis-genusswelt.com\\\/wp-content\\\/uploads\\\/2025\\\/10\\\/Bild-1.jpg\",\"datePublished\":\"2025-08-29T13:51:48+00:00\",\"dateModified\":\"2026-03-16T17:58:59+00:00\",\"description\":\"Gordis Genusswelt bietet exklusive Weinverkostungen und besondere Weine f\u00fcr Firmen, Veranstaltungen, Hochzeiten und private Feiern.\",\"breadcrumb\":{\"@id\":\"https:\\\/\\\/gordis-genusswelt.com\\\/#breadcrumb\"},\"inLanguage\":\"en-US\",\"potentialAction\":[{\"@type\":\"ReadAction\",\"target\":[\"https:\\\/\\\/gordis-genusswelt.com\\\/\"]}]},{\"@type\":\"ImageObject\",\"inLanguage\":\"en-US\",\"@id\":\"https:\\\/\\\/gordis-genusswelt.com\\\/#primaryimage\",\"url\":\"https:\\\/\\\/gordis-genusswelt.com\\\/wp-content\\\/uploads\\\/2025\\\/10\\\/Bild-1.jpg\",\"contentUrl\":\"https:\\\/\\\/gordis-genusswelt.com\\\/wp-content\\\/uploads\\\/2025\\\/10\\\/Bild-1.jpg\"},{\"@type\":\"BreadcrumbList\",\"@id\":\"https:\\\/\\\/gordis-genusswelt.com\\\/#breadcrumb\",\"itemListElement\":[{\"@type\":\"ListItem\",\"position\":1,\"name\":\"Startseite\",\"item\":\"https:\\\/\\\/gordis-genusswelt.com\\\/\"},{\"@type\":\"ListItem\",\"position\":2,\"name\":\"Home\"}]},{\"@type\":\"WebSite\",\"@id\":\"https:\\\/\\\/gordis-genusswelt.com\\\/#website\",\"url\":\"https:\\\/\\\/gordis-genusswelt.com\\\/\",\"name\":\"Gordi's Genusswelt\",\"description\":\"Weinverkostungen, Events und besondere Weine\",\"publisher\":{\"@id\":\"https:\\\/\\\/gordis-genusswelt.com\\\/#organization\"},\"alternateName\":\"Gordis Genusswelt\",\"potentialAction\":[{\"@type\":\"SearchAction\",\"target\":{\"@type\":\"EntryPoint\",\"urlTemplate\":\"https:\\\/\\\/gordis-genusswelt.com\\\/?s={search_term_string}\"},\"query-input\":{\"@type\":\"PropertyValueSpecification\",\"valueRequired\":true,\"valueName\":\"search_term_string\"}}],\"inLanguage\":\"en-US\"},{\"@type\":\"Organization\",\"@id\":\"https:\\\/\\\/gordis-genusswelt.com\\\/#organization\",\"name\":\"Gordi's Genusswelt\",\"url\":\"https:\\\/\\\/gordis-genusswelt.com\\\/\",\"logo\":{\"@type\":\"ImageObject\",\"inLanguage\":\"en-US\",\"@id\":\"https:\\\/\\\/gordis-genusswelt.com\\\/#\\\/schema\\\/logo\\\/image\\\/\",\"url\":\"https:\\\/\\\/gordis-genusswelt.com\\\/wp-content\\\/uploads\\\/2025\\\/08\\\/cropped-cropped-logo-normal-scaled-1.png\",\"contentUrl\":\"https:\\\/\\\/gordis-genusswelt.com\\\/wp-content\\\/uploads\\\/2025\\\/08\\\/cropped-cropped-logo-normal-scaled-1.png\",\"width\":2322,\"height\":2145,\"caption\":\"Gordi's Genusswelt\"},\"image\":{\"@id\":\"https:\\\/\\\/gordis-genusswelt.com\\\/#\\\/schema\\\/logo\\\/image\\\/\"}}]}<\/script>\n<!-- \/ Yoast SEO plugin. -->","yoast_head_json":{"title":"Gordis Genusswelt \u2013 Weinverkostungen, Weinproben und Events","description":"Gordis Genusswelt bietet exklusive Weinverkostungen und besondere Weine f\u00fcr Firmen, Veranstaltungen, Hochzeiten und private Feiern.","robots":{"index":"index","follow":"follow","max-snippet":"max-snippet:-1","max-image-preview":"max-image-preview:large","max-video-preview":"max-video-preview:-1"},"canonical":"https:\/\/gordis-genusswelt.com\/en\/","og_locale":"en_US","og_type":"article","og_title":"Gordis Genusswelt \u2013 Weinverkostungen, Weinproben und Events","og_description":"Gordis Genusswelt bietet exklusive Weinverkostungen und besondere Weine f\u00fcr Firmen, Veranstaltungen, Hochzeiten und private Feiern.","og_url":"https:\/\/gordis-genusswelt.com\/en\/","og_site_name":"Gordi&#039;s Genusswelt","article_modified_time":"2026-03-16T17:58:59+00:00","og_image":[{"url":"https:\/\/gordis-genusswelt.com\/wp-content\/uploads\/2025\/10\/Bild-1.jpg","type":"","width":"","height":""}],"twitter_card":"summary_large_image","twitter_misc":{"Est. reading time":"2 minutes"},"schema":{"@context":"https:\/\/schema.org","@graph":[{"@type":"WebPage","@id":"https:\/\/gordis-genusswelt.com\/","url":"https:\/\/gordis-genusswelt.com\/","name":"Gordis Genusswelt \u2013 Weinverkostungen, Weinproben und Events","isPartOf":{"@id":"https:\/\/gordis-genusswelt.com\/#website"},"primaryImageOfPage":{"@id":"https:\/\/gordis-genusswelt.com\/#primaryimage"},"image":{"@id":"https:\/\/gordis-genusswelt.com\/#primaryimage"},"thumbnailUrl":"https:\/\/gordis-genusswelt.com\/wp-content\/uploads\/2025\/10\/Bild-1.jpg","datePublished":"2025-08-29T13:51:48+00:00","dateModified":"2026-03-16T17:58:59+00:00","description":"Gordis Genusswelt bietet exklusive Weinverkostungen und besondere Weine f\u00fcr Firmen, Veranstaltungen, Hochzeiten und private Feiern.","breadcrumb":{"@id":"https:\/\/gordis-genusswelt.com\/#breadcrumb"},"inLanguage":"en-US","potentialAction":[{"@type":"ReadAction","target":["https:\/\/gordis-genusswelt.com\/"]}]},{"@type":"ImageObject","inLanguage":"en-US","@id":"https:\/\/gordis-genusswelt.com\/#primaryimage","url":"https:\/\/gordis-genusswelt.com\/wp-content\/uploads\/2025\/10\/Bild-1.jpg","contentUrl":"https:\/\/gordis-genusswelt.com\/wp-content\/uploads\/2025\/10\/Bild-1.jpg"},{"@type":"BreadcrumbList","@id":"https:\/\/gordis-genusswelt.com\/#breadcrumb","itemListElement":[{"@type":"ListItem","position":1,"name":"Startseite","item":"https:\/\/gordis-genusswelt.com\/"},{"@type":"ListItem","position":2,"name":"Home"}]},{"@type":"WebSite","@id":"https:\/\/gordis-genusswelt.com\/#website","url":"https:\/\/gordis-genusswelt.com\/","name":"Gordi's Genusswelt","description":"Weinverkostungen, Events und besondere Weine","publisher":{"@id":"https:\/\/gordis-genusswelt.com\/#organization"},"alternateName":"Gordis Genusswelt","potentialAction":[{"@type":"SearchAction","target":{"@type":"EntryPoint","urlTemplate":"https:\/\/gordis-genusswelt.com\/?s={search_term_string}"},"query-input":{"@type":"PropertyValueSpecification","valueRequired":true,"valueName":"search_term_string"}}],"inLanguage":"en-US"},{"@type":"Organization","@id":"https:\/\/gordis-genusswelt.com\/#organization","name":"Gordi's Genusswelt","url":"https:\/\/gordis-genusswelt.com\/","logo":{"@type":"ImageObject","inLanguage":"en-US","@id":"https:\/\/gordis-genusswelt.com\/#\/schema\/logo\/image\/","url":"https:\/\/gordis-genusswelt.com\/wp-content\/uploads\/2025\/08\/cropped-cropped-logo-normal-scaled-1.png","contentUrl":"https:\/\/gordis-genusswelt.com\/wp-content\/uploads\/2025\/08\/cropped-cropped-logo-normal-scaled-1.png","width":2322,"height":2145,"caption":"Gordi's Genusswelt"},"image":{"@id":"https:\/\/gordis-genusswelt.com\/#\/schema\/logo\/image\/"}}]}},"_links":{"self":[{"href":"https:\/\/gordis-genusswelt.com\/en\/wp-json\/wp\/v2\/pages\/255","targetHints":{"allow":["GET"]}}],"collection":[{"href":"https:\/\/gordis-genusswelt.com\/en\/wp-json\/wp\/v2\/pages"}],"about":[{"href":"https:\/\/gordis-genusswelt.com\/en\/wp-json\/wp\/v2\/types\/page"}],"author":[{"embeddable":true,"href":"https:\/\/gordis-genusswelt.com\/en\/wp-json\/wp\/v2\/users\/1"}],"replies":[{"embeddable":true,"href":"https:\/\/gordis-genusswelt.com\/en\/wp-json\/wp\/v2\/comments?post=255"}],"version-history":[{"count":223,"href":"https:\/\/gordis-genusswelt.com\/en\/wp-json\/wp\/v2\/pages\/255\/revisions"}],"predecessor-version":[{"id":1296,"href":"https:\/\/gordis-genusswelt.com\/en\/wp-json\/wp\/v2\/pages\/255\/revisions\/1296"}],"wp:attachment":[{"href":"https:\/\/gordis-genusswelt.com\/en\/wp-json\/wp\/v2\/media?parent=255"}],"curies":[{"name":"wp","href":"https:\/\/api.w.org\/{rel}","templated":true}]}}